{"id":3667,"date":"2015-07-07T05:04:15","date_gmt":"2015-07-07T05:04:15","guid":{"rendered":"http:\/\/themes.themegoods.com\/photography\/demo1\/?page_id=3667"},"modified":"2025-02-05T16:21:05","modified_gmt":"2025-02-05T15:21:05","slug":"home-photobook-2","status":"publish","type":"page","link":"http:\/\/ronan-alga.fr\/","title":{"rendered":"Accueil"},"content":{"rendered":"<div  class=\"one withsmallpadding ppb_header \" style=\"text-align:center;padding:135px 0 135px 0;\" >\n<div class=\"standard_wrapper\">\n<div class=\"page_content_wrapper\">\n<div class=\"inner\">\n<div style=\"margin:auto;width:65%\">\n<div class=\"ppb_subtitle\" style=\"\">PUBLICITE \/ CORPORATE \/ PORTRAITS <\/div>\n<h2 class=\"ppb_title\" style=\"\">Ronan Algalarrondo photographie<\/h2>\n<hr class=\"title_break center\" style=\"\"\/>\n<div class=\"ppb_header_content\">\n<p>Photographe pour entreprises bas\u00e9 \u00e0 Lorient, en Morbihan, je vous propose mes services en r\u00e9ponse \u00e0 vos besoins en supports de communication.<\/p>\n<p>Reportages m\u00e9tier, publicit\u00e9s, \u00e9v\u00e8nements, portraits institutionnels, prise de vue a\u00e9rienne, photos de produits, etc.<\/p>\n<p>Professionnel de l\u2019image depuis pr\u00e8s de 10 ans, je suis avant tout un photographe de terrain.<\/p>\n<p>Cr\u00e9atif et adaptable, je mets mon expertise et mon savoir-faire au service des entreprises de diff\u00e9rents secteurs : industrie, secteur public, tourisme, h\u00f4tellerie&#8230;<\/p>\n<\/div>\n<\/div>\n<\/div>\n<\/div>\n<\/div>\n<\/div>\n<div class=\"standard_wrapper\">\n<div  class=\"one\" style=\"padding:40px 0 40px 0;\" >\n<div class=\"page_content_wrapper\">\n<div class=\"inner\">\n<div class=\"one_third\">\n<div class=\"image_classic_frame expand\">\n<div class=\"image_wrapper\"><a href=\"http:\/\/ronan-alga.fr\/wp-content\/uploads\/2025\/02\/Malain-Noel-2024-1986-scaled.jpg\" data-title=\"\" data-desc=\"\" data-thumb=\"http:\/\/ronan-alga.fr\/wp-content\/uploads\/2025\/02\/Malain-Noel-2024-1986-300x200.jpg\"  class=\"img_frame\"><img decoding=\"async\" data-src=\"http:\/\/ronan-alga.fr\/wp-content\/uploads\/2025\/02\/Malain-Noel-2024-1986-scaled.jpg\" alt=\"\" class=\"preview lazyload\" src=\"data:image\/gif;base64,R0lGODlhAQABAAAAACH5BAEKAAEALAAAAAABAAEAAAICTAEAOw==\" style=\"--smush-placeholder-width: 2560px; --smush-placeholder-aspect-ratio: 2560\/1706;\" \/><\/a><\/div>\n<\/div>\n<\/div>\n<div class=\"one_third\">\n<div class=\"image_classic_frame expand\">\n<div class=\"image_wrapper\"><a href=\"http:\/\/ronan-alga.fr\/wp-content\/uploads\/2022\/02\/HT0A0527-Resized-1.jpg\" data-title=\"\" data-desc=\"\" data-thumb=\"http:\/\/ronan-alga.fr\/wp-content\/uploads\/2022\/02\/HT0A0527-Resized-1-300x200.jpg\"  class=\"img_frame\"><img decoding=\"async\" data-src=\"http:\/\/ronan-alga.fr\/wp-content\/uploads\/2022\/02\/HT0A0527-Resized-1.jpg\" alt=\"\" class=\"preview lazyload\" src=\"data:image\/gif;base64,R0lGODlhAQABAAAAACH5BAEKAAEALAAAAAABAAEAAAICTAEAOw==\" style=\"--smush-placeholder-width: 1440px; --smush-placeholder-aspect-ratio: 1440\/959;\" \/><\/a><\/div>\n<\/div>\n<\/div>\n<div class=\"one_third last\">\n<div class=\"image_classic_frame expand\">\n<div class=\"image_wrapper\"><a href=\"http:\/\/ronan-alga.fr\/wp-content\/uploads\/2025\/02\/DJI_0687-Avec-accentuation-Bruit-scaled.jpg\" data-title=\"\" data-desc=\"\" data-thumb=\"http:\/\/ronan-alga.fr\/wp-content\/uploads\/2025\/02\/DJI_0687-Avec-accentuation-Bruit-300x200.jpg\"  class=\"img_frame\"><img decoding=\"async\" data-src=\"http:\/\/ronan-alga.fr\/wp-content\/uploads\/2025\/02\/DJI_0687-Avec-accentuation-Bruit-scaled.jpg\" alt=\"\" class=\"preview lazyload\" src=\"data:image\/gif;base64,R0lGODlhAQABAAAAACH5BAEKAAEALAAAAAABAAEAAAICTAEAOw==\" style=\"--smush-placeholder-width: 2560px; --smush-placeholder-aspect-ratio: 2560\/1706;\" \/><\/a><\/div>\n<\/div>\n<\/div>\n<\/div>\n<\/div>\n<\/div>\n<\/div>\n","protected":false},"excerpt":{"rendered":"","protected":false},"author":1,"featured_media":0,"parent":3602,"menu_order":0,"comment_status":"open","ping_status":"open","template":"","meta":{"_monsterinsights_skip_tracking":false,"_monsterinsights_sitenote_active":false,"_monsterinsights_sitenote_note":"","_monsterinsights_sitenote_category":0,"footnotes":""},"class_list":["post-3667","page","type-page","status-publish","hentry"],"aioseo_notices":[],"_links":{"self":[{"href":"http:\/\/ronan-alga.fr\/index.php?rest_route=\/wp\/v2\/pages\/3667","targetHints":{"allow":["GET"]}}],"collection":[{"href":"http:\/\/ronan-alga.fr\/index.php?rest_route=\/wp\/v2\/pages"}],"about":[{"href":"http:\/\/ronan-alga.fr\/index.php?rest_route=\/wp\/v2\/types\/page"}],"author":[{"embeddable":true,"href":"http:\/\/ronan-alga.fr\/index.php?rest_route=\/wp\/v2\/users\/1"}],"replies":[{"embeddable":true,"href":"http:\/\/ronan-alga.fr\/index.php?rest_route=%2Fwp%2Fv2%2Fcomments&post=3667"}],"version-history":[{"count":42,"href":"http:\/\/ronan-alga.fr\/index.php?rest_route=\/wp\/v2\/pages\/3667\/revisions"}],"predecessor-version":[{"id":6316,"href":"http:\/\/ronan-alga.fr\/index.php?rest_route=\/wp\/v2\/pages\/3667\/revisions\/6316"}],"up":[{"embeddable":true,"href":"http:\/\/ronan-alga.fr\/index.php?rest_route=\/wp\/v2\/pages\/3602"}],"wp:attachment":[{"href":"http:\/\/ronan-alga.fr\/index.php?rest_route=%2Fwp%2Fv2%2Fmedia&parent=3667"}],"curies":[{"name":"wp","href":"https:\/\/api.w.org\/{rel}","templated":true}]}}