{"id":1802,"date":"2015-07-02T10:07:26","date_gmt":"2015-07-02T08:07:26","guid":{"rendered":"http:\/\/themes.themegoods.com\/photography\/demo1\/?page_id=1802"},"modified":"2025-02-05T17:09:54","modified_gmt":"2025-02-05T16:09:54","slug":"image-teasers","status":"publish","type":"page","link":"http:\/\/ronan-alga.fr\/?page_id=1802","title":{"rendered":"Prestations"},"content":{"rendered":"<div  class=\"one withsmallpadding ppb_text\" style=\"padding-top: 50px !important;padding:50px 0 50px 0;background-color:#ffffff;\" >\n<div class=\"standard_wrapper\">\n<div class=\"page_content_wrapper\">\n<div class=\"inner\">\n<div style=\"margin:auto;width:100%\">\n<div class=\"teaser_wrapper one_third left\" style=\"background-color:#cfa670;padding:15px;\"><img decoding=\"async\" data-src=\"http:\/\/ronan-alga.fr\/wp-content\/uploads\/2023\/04\/HT0A0429-300x200.jpg\" alt=\"\" src=\"data:image\/gif;base64,R0lGODlhAQABAAAAACH5BAEKAAEALAAAAAABAAEAAAICTAEAOw==\" class=\"lazyload\" style=\"--smush-placeholder-width: 300px; --smush-placeholder-aspect-ratio: 300\/200;\" \/><\/p>\n<div class=\"teaser_content_wrapper\">\n<h5 style=\"\">Reportages<\/h5>\n<div class=\"teaser_content\">Illustrer un savoir-faire, pr\u00e9senter un lieu, constituer une phototh\u00e8que pertinente et qualitative pour vous aider \u00e0 vous d\u00e9marquer des autres.<\/div>\n<\/div>\n<\/div>\n<div class=\"teaser_wrapper one_third left\" style=\"background-color:#222222;color:#fff;padding:15px;\"><img decoding=\"async\" data-src=\"http:\/\/ronan-alga.fr\/wp-content\/uploads\/2025\/02\/Malain-Noel-2024-1986-scaled.jpg\" alt=\"\" width=\"2560\" height=\"1706\" src=\"data:image\/gif;base64,R0lGODlhAQABAAAAACH5BAEKAAEALAAAAAABAAEAAAICTAEAOw==\" class=\"lazyload\" style=\"--smush-placeholder-width: 2560px; --smush-placeholder-aspect-ratio: 2560\/1706;\" \/><\/p>\n<div class=\"teaser_content_wrapper\">\n<h5 style=\"color:#fff;\">Photo de produits<\/h5>\n<div class=\"teaser_content\">Les photos de produits, appel\u00e9es aussi \u201cpackshots\u201d vous permettront de pr\u00e9senter vos cr\u00e9ations en les sublimant.\n<\/div>\n<\/div>\n<\/div>\n<div class=\"teaser_wrapper one_third last left\" style=\"background-color:#cfa670;padding:15px;\"><img decoding=\"async\" data-src=\"http:\/\/ronan-alga.fr\/wp-content\/uploads\/2023\/04\/AFMTLT_221203-02_TLT2022_Lorient_Ville_Ambassadrice_RA_194-300x200.jpg\" alt=\"\" src=\"data:image\/gif;base64,R0lGODlhAQABAAAAACH5BAEKAAEALAAAAAABAAEAAAICTAEAOw==\" class=\"lazyload\" style=\"--smush-placeholder-width: 300px; --smush-placeholder-aspect-ratio: 300\/200;\" \/><\/p>\n<div class=\"teaser_content_wrapper\">\n<h5 style=\"\">Ev\u00e8nements<\/h5>\n<div class=\"teaser_content\">Communiquez sur vos \u00e9v\u00e8nements d\u2019entreprise en me confiant cette mission.<br \/>\nC\u2019est promis, je n\u2019en louperais pas une miette !<\/div>\n<\/div>\n<\/div>\n<\/div>\n<\/div>\n<\/div>\n<\/div>\n<\/div>\n<div  class=\"one withsmallpadding ppb_text\" style=\"padding-top: 50px !important;padding:50px 0 50px 0;background-color:#ffffff;\" >\n<div class=\"standard_wrapper\">\n<div class=\"page_content_wrapper\">\n<div class=\"inner\">\n<div style=\"margin:auto;width:100%\">\n<div class=\"teaser_wrapper one_third left\" style=\"background-color:#222222;color:#fff;padding:15px;\"><img decoding=\"async\" data-src=\"http:\/\/ronan-alga.fr\/wp-content\/uploads\/2025\/02\/DJI_0125.jpg\" alt=\"\" src=\"data:image\/gif;base64,R0lGODlhAQABAAAAACH5BAEKAAEALAAAAAABAAEAAAICTAEAOw==\" class=\"lazyload\" style=\"--smush-placeholder-width: 8064px; --smush-placeholder-aspect-ratio: 8064\/6048;\" \/><\/p>\n<div class=\"teaser_content_wrapper\">\n<h5 style=\"color:#fff;\">Vues a\u00e9riennes<\/h5>\n<div class=\"teaser_content\">Montrer la configuration d\u2019un site, son immensit\u00e9, la beaut\u00e9 de son environnement, voici quelques raisons de prendre un peu de hauteur.<br \/>\nTitulaire du brevet de t\u00e9l\u00e9pilote (CATS), je suis capable d&rsquo;effectuer les demandes de survol pour toutes les zones r\u00e9glement\u00e9es.\n<\/div>\n<\/div>\n<\/div>\n<div class=\"teaser_wrapper one_third left\" style=\"background-color:#cfa670;color:#fff;padding:15px;\"><img decoding=\"async\" data-src=\"http:\/\/ronan-alga.fr\/wp-content\/uploads\/2025\/02\/Portrait-Malain.png\" alt=\"\" width=\"1532\" height=\"1022\" src=\"data:image\/gif;base64,R0lGODlhAQABAAAAACH5BAEKAAEALAAAAAABAAEAAAICTAEAOw==\" class=\"lazyload\" style=\"--smush-placeholder-width: 1532px; --smush-placeholder-aspect-ratio: 1532\/1022;\" \/><\/p>\n<div class=\"teaser_content_wrapper\">\n<h5 style=\"color:#fff;\">Portraits<\/h5>\n<div class=\"teaser_content\">Portraits de vos dirigeants ou collaborateurs ?<br \/>\nR\u00e9alisation d\u2019un trombinoscope ? En studio ou directement dans l\u2019environnement de travail ?<br \/>\nJe me d\u00e9place directement sur site avec un studio photo, pour un r\u00e9sultat professionnel et homog\u00e8ne.\n<\/div>\n<\/div>\n<\/div>\n<\/div>\n<\/div>\n<\/div>\n<\/div>\n<\/div>\n<div  class=\"one ppb_fullwidth_button\" >\n<div class=\"standard_wrapper\"><a href=\"https:\/\/ronan-alga.fr\/?page_id=4993\" class=\"button\" >Demande de devis<\/a><\/div>\n<\/div>\n","protected":false},"excerpt":{"rendered":"","protected":false},"author":1,"featured_media":0,"parent":0,"menu_order":0,"comment_status":"closed","ping_status":"closed","template":"","meta":{"_monsterinsights_skip_tracking":false,"_monsterinsights_sitenote_active":false,"_monsterinsights_sitenote_note":"","_monsterinsights_sitenote_category":0,"footnotes":""},"class_list":["post-1802","page","type-page","status-publish","hentry"],"aioseo_notices":[],"_links":{"self":[{"href":"http:\/\/ronan-alga.fr\/index.php?rest_route=\/wp\/v2\/pages\/1802","targetHints":{"allow":["GET"]}}],"collection":[{"href":"http:\/\/ronan-alga.fr\/index.php?rest_route=\/wp\/v2\/pages"}],"about":[{"href":"http:\/\/ronan-alga.fr\/index.php?rest_route=\/wp\/v2\/types\/page"}],"author":[{"embeddable":true,"href":"http:\/\/ronan-alga.fr\/index.php?rest_route=\/wp\/v2\/users\/1"}],"replies":[{"embeddable":true,"href":"http:\/\/ronan-alga.fr\/index.php?rest_route=%2Fwp%2Fv2%2Fcomments&post=1802"}],"version-history":[{"count":113,"href":"http:\/\/ronan-alga.fr\/index.php?rest_route=\/wp\/v2\/pages\/1802\/revisions"}],"predecessor-version":[{"id":6342,"href":"http:\/\/ronan-alga.fr\/index.php?rest_route=\/wp\/v2\/pages\/1802\/revisions\/6342"}],"wp:attachment":[{"href":"http:\/\/ronan-alga.fr\/index.php?rest_route=%2Fwp%2Fv2%2Fmedia&parent=1802"}],"curies":[{"name":"wp","href":"https:\/\/api.w.org\/{rel}","templated":true}]}}